{"id":934,"date":"2022-01-13T13:07:13","date_gmt":"2022-01-13T13:07:13","guid":{"rendered":"https:\/\/ffcgardcyclisme.fr\/?page_id=934"},"modified":"2022-01-13T15:01:32","modified_gmt":"2022-01-13T15:01:32","slug":"la-route-de-letoile","status":"publish","type":"page","link":"https:\/\/ffcgardcyclisme.fr\/?page_id=934","title":{"rendered":"LA ROUTE DE L&rsquo;\u00c9TOILE"},"content":{"rendered":"\t\t<div data-elementor-type=\"wp-page\" data-elementor-id=\"934\" class=\"elementor elementor-934\">\n\t\t\t\t\t\t\t\t\t<section class=\"elementor-section elementor-top-section elementor-element elementor-element-2003629 elementor-section-boxed elementor-section-height-default elementor-section-height-default\" data-id=\"2003629\" data-element_type=\"section\">\n\t\t\t\t\t\t<div class=\"elementor-container elementor-column-gap-default\">\n\t\t\t\t\t<div class=\"elementor-column elementor-col-100 elementor-top-column elementor-element elementor-element-381019d\" data-id=\"381019d\" data-element_type=\"column\">\n\t\t\t<div class=\"elementor-widget-wrap elementor-element-populated\">\n\t\t\t\t\t\t\t\t<div class=\"elementor-element elementor-element-ed3fc99 elementor-widget elementor-widget-heading\" data-id=\"ed3fc99\" data-element_type=\"widget\" data-widget_type=\"heading.default\">\n\t\t\t\t<div class=\"elementor-widget-container\">\n\t\t\t<style>\/*! elementor - v3.7.5 - 14-09-2022 *\/\n.elementor-heading-title{padding:0;margin:0;line-height:1}.elementor-widget-heading .elementor-heading-title[class*=elementor-size-]>a{color:inherit;font-size:inherit;line-height:inherit}.elementor-widget-heading .elementor-heading-title.elementor-size-small{font-size:15px}.elementor-widget-heading .elementor-heading-title.elementor-size-medium{font-size:19px}.elementor-widget-heading .elementor-heading-title.elementor-size-large{font-size:29px}.elementor-widget-heading .elementor-heading-title.elementor-size-xl{font-size:39px}.elementor-widget-heading .elementor-heading-title.elementor-size-xxl{font-size:59px}<\/style><h2 class=\"elementor-heading-title elementor-size-default\">\u00c9V\u00c8NEMENT COURSE : LA ROUTE DE L'\u00c9TOILE<\/h2>\t\t<\/div>\n\t\t\t\t<\/div>\n\t\t\t\t<div class=\"elementor-element elementor-element-839d20e elementor-widget elementor-widget-spacer\" data-id=\"839d20e\" data-element_type=\"widget\" data-widget_type=\"spacer.default\">\n\t\t\t\t<div class=\"elementor-widget-container\">\n\t\t\t<style>\/*! elementor - v3.7.5 - 14-09-2022 *\/\n.elementor-column .elementor-spacer-inner{height:var(--spacer-size)}.e-container{--container-widget-width:100%}.e-container>.elementor-widget-spacer{width:var(--container-widget-width,var(--spacer-size));-ms-flex-item-align:stretch;align-self:stretch;-ms-flex-negative:0;flex-shrink:0}.e-container>.elementor-widget-spacer>.elementor-widget-container,.e-container>.elementor-widget-spacer>.elementor-widget-container>.elementor-spacer{height:100%}.e-container>.elementor-widget-spacer>.elementor-widget-container>.elementor-spacer>.elementor-spacer-inner{height:var(--container-widget-height,var(--spacer-size))}<\/style>\t\t<div class=\"elementor-spacer\">\n\t\t\t<div class=\"elementor-spacer-inner\"><\/div>\n\t\t<\/div>\n\t\t\t\t<\/div>\n\t\t\t\t<\/div>\n\t\t\t\t\t<\/div>\n\t\t<\/div>\n\t\t\t\t\t\t\t<\/div>\n\t\t<\/section>\n\t\t\t\t<section class=\"elementor-section elementor-top-section elementor-element elementor-element-672aa10 elementor-section-boxed elementor-section-height-default elementor-section-height-default\" data-id=\"672aa10\" data-element_type=\"section\">\n\t\t\t\t\t\t<div class=\"elementor-container elementor-column-gap-default\">\n\t\t\t\t\t<div class=\"elementor-column elementor-col-50 elementor-top-column elementor-element elementor-element-11c3d5f\" data-id=\"11c3d5f\" data-element_type=\"column\">\n\t\t\t<div class=\"elementor-widget-wrap elementor-element-populated\">\n\t\t\t\t\t\t\t\t<div class=\"elementor-element elementor-element-24e3bcd elementor-widget elementor-widget-image\" data-id=\"24e3bcd\" data-element_type=\"widget\" data-widget_type=\"image.default\">\n\t\t\t\t<div class=\"elementor-widget-container\">\n\t\t\t<style>\/*! elementor - v3.7.5 - 14-09-2022 *\/\n.elementor-widget-image{text-align:center}.elementor-widget-image a{display:inline-block}.elementor-widget-image a img[src$=\".svg\"]{width:48px}.elementor-widget-image img{vertical-align:middle;display:inline-block}<\/style>\t\t\t\t\t\t\t\t\t\t\t\t<img width=\"724\" height=\"1024\" src=\"https:\/\/ffcgardcyclisme.fr\/wp-content\/uploads\/2022\/01\/A3-route-e\u0301toile-2022-BAT3-724x1024.png\" class=\"attachment-large size-large\" alt=\"\" loading=\"lazy\" srcset=\"https:\/\/ffcgardcyclisme.fr\/wp-content\/uploads\/2022\/01\/A3-route-e\u0301toile-2022-BAT3-724x1024.png 724w, https:\/\/ffcgardcyclisme.fr\/wp-content\/uploads\/2022\/01\/A3-route-e\u0301toile-2022-BAT3-212x300.png 212w, https:\/\/ffcgardcyclisme.fr\/wp-content\/uploads\/2022\/01\/A3-route-e\u0301toile-2022-BAT3-768x1087.png 768w, https:\/\/ffcgardcyclisme.fr\/wp-content\/uploads\/2022\/01\/A3-route-e\u0301toile-2022-BAT3-600x849.png 600w, https:\/\/ffcgardcyclisme.fr\/wp-content\/uploads\/2022\/01\/A3-route-e\u0301toile-2022-BAT3.png 841w\" sizes=\"(max-width: 724px) 100vw, 724px\" \/>\t\t\t\t\t\t\t\t\t\t\t\t\t\t\t<\/div>\n\t\t\t\t<\/div>\n\t\t\t\t\t<\/div>\n\t\t<\/div>\n\t\t\t\t<div class=\"elementor-column elementor-col-50 elementor-top-column elementor-element elementor-element-289330b\" data-id=\"289330b\" data-element_type=\"column\">\n\t\t\t<div class=\"elementor-widget-wrap elementor-element-populated\">\n\t\t\t\t\t\t\t\t<div class=\"elementor-element elementor-element-11db2e2 elementor-widget elementor-widget-heading\" data-id=\"11db2e2\" data-element_type=\"widget\" data-widget_type=\"heading.default\">\n\t\t\t\t<div class=\"elementor-widget-container\">\n\t\t\t<h3 class=\"elementor-heading-title elementor-size-default\">\u00c9V\u00c8NEMENT : LA ROUTE DE L'\u00c9TOILE<\/h3>\t\t<\/div>\n\t\t\t\t<\/div>\n\t\t\t\t<div class=\"elementor-element elementor-element-77b4302 elementor-widget elementor-widget-text-editor\" data-id=\"77b4302\" data-element_type=\"widget\" data-widget_type=\"text-editor.default\">\n\t\t\t\t<div class=\"elementor-widget-container\">\n\t\t\t<style>\/*! elementor - v3.7.5 - 14-09-2022 *\/\n.elementor-widget-text-editor.elementor-drop-cap-view-stacked .elementor-drop-cap{background-color:#818a91;color:#fff}.elementor-widget-text-editor.elementor-drop-cap-view-framed .elementor-drop-cap{color:#818a91;border:3px solid;background-color:transparent}.elementor-widget-text-editor:not(.elementor-drop-cap-view-default) .elementor-drop-cap{margin-top:8px}.elementor-widget-text-editor:not(.elementor-drop-cap-view-default) .elementor-drop-cap-letter{width:1em;height:1em}.elementor-widget-text-editor .elementor-drop-cap{float:left;text-align:center;line-height:1;font-size:50px}.elementor-widget-text-editor .elementor-drop-cap-letter{display:inline-block}<\/style>\t\t\t\t<p>La course de la \u00ab\u00a0ROUTE DE L&rsquo;\u00c9TOILE\u00a0\u00bb est de retour cette ann\u00e9e.&nbsp;<br><\/p>\n<p>Dimanche 06 f\u00e9vrier 2022 organis\u00e9e par le V\u00e9lo Sprint du Grand Al\u00e8s, le Comit\u00e9 du Gard FFc et en partenariat avec l&rsquo;Union Cycliste Bess\u00e8geoise.&nbsp;<\/p>\t\t\t\t\t\t<\/div>\n\t\t\t\t<\/div>\n\t\t\t\t\t<\/div>\n\t\t<\/div>\n\t\t\t\t\t\t\t<\/div>\n\t\t<\/section>\n\t\t\t\t<section class=\"elementor-section elementor-top-section elementor-element elementor-element-5a9e107 elementor-section-boxed elementor-section-height-default elementor-section-height-default\" data-id=\"5a9e107\" data-element_type=\"section\">\n\t\t\t\t\t\t<div class=\"elementor-container elementor-column-gap-default\">\n\t\t\t\t\t<div class=\"elementor-column elementor-col-100 elementor-top-column elementor-element elementor-element-73464cb\" data-id=\"73464cb\" data-element_type=\"column\">\n\t\t\t<div class=\"elementor-widget-wrap elementor-element-populated\">\n\t\t\t\t\t\t\t\t<div class=\"elementor-element elementor-element-94b163e elementor-widget elementor-widget-spacer\" data-id=\"94b163e\" data-element_type=\"widget\" data-widget_type=\"spacer.default\">\n\t\t\t\t<div class=\"elementor-widget-container\">\n\t\t\t\t\t<div class=\"elementor-spacer\">\n\t\t\t<div class=\"elementor-spacer-inner\"><\/div>\n\t\t<\/div>\n\t\t\t\t<\/div>\n\t\t\t\t<\/div>\n\t\t\t\t\t<\/div>\n\t\t<\/div>\n\t\t\t\t\t\t\t<\/div>\n\t\t<\/section>\n\t\t\t\t<section class=\"elementor-section elementor-top-section elementor-element elementor-element-dc750be elementor-section-boxed elementor-section-height-default elementor-section-height-default\" data-id=\"dc750be\" data-element_type=\"section\">\n\t\t\t\t\t\t<div class=\"elementor-container elementor-column-gap-default\">\n\t\t\t\t\t<div class=\"elementor-column elementor-col-100 elementor-top-column elementor-element elementor-element-93cdf67\" data-id=\"93cdf67\" data-element_type=\"column\">\n\t\t\t<div class=\"elementor-widget-wrap elementor-element-populated\">\n\t\t\t\t\t\t\t\t<div class=\"elementor-element elementor-element-f5245b7 elementor-widget elementor-widget-heading\" data-id=\"f5245b7\" data-element_type=\"widget\" data-widget_type=\"heading.default\">\n\t\t\t\t<div class=\"elementor-widget-container\">\n\t\t\t<h3 class=\"elementor-heading-title elementor-size-default\">CIRCUIT DE LA COURSE<\/h3>\t\t<\/div>\n\t\t\t\t<\/div>\n\t\t\t\t\t<\/div>\n\t\t<\/div>\n\t\t\t\t\t\t\t<\/div>\n\t\t<\/section>\n\t\t\t\t<section class=\"elementor-section elementor-top-section elementor-element elementor-element-fba4073 elementor-section-boxed elementor-section-height-default elementor-section-height-default\" data-id=\"fba4073\" data-element_type=\"section\">\n\t\t\t\t\t\t<div class=\"elementor-container elementor-column-gap-default\">\n\t\t\t\t\t<div class=\"elementor-column elementor-col-100 elementor-top-column elementor-element elementor-element-49a8f84\" data-id=\"49a8f84\" data-element_type=\"column\">\n\t\t\t<div class=\"elementor-widget-wrap elementor-element-populated\">\n\t\t\t\t\t\t\t\t<div class=\"elementor-element elementor-element-9596464 elementor-widget elementor-widget-image\" data-id=\"9596464\" data-element_type=\"widget\" data-widget_type=\"image.default\">\n\t\t\t\t<div class=\"elementor-widget-container\">\n\t\t\t\t\t\t\t\t\t\t\t\t\t\t\t<img width=\"780\" height=\"540\" src=\"https:\/\/ffcgardcyclisme.fr\/wp-content\/uploads\/2022\/01\/Carte-Profil-et-Trace.png\" class=\"attachment-large size-large\" alt=\"\" loading=\"lazy\" srcset=\"https:\/\/ffcgardcyclisme.fr\/wp-content\/uploads\/2022\/01\/Carte-Profil-et-Trace.png 780w, https:\/\/ffcgardcyclisme.fr\/wp-content\/uploads\/2022\/01\/Carte-Profil-et-Trace-300x208.png 300w, https:\/\/ffcgardcyclisme.fr\/wp-content\/uploads\/2022\/01\/Carte-Profil-et-Trace-768x532.png 768w, https:\/\/ffcgardcyclisme.fr\/wp-content\/uploads\/2022\/01\/Carte-Profil-et-Trace-600x415.png 600w\" sizes=\"(max-width: 780px) 100vw, 780px\" \/>\t\t\t\t\t\t\t\t\t\t\t\t\t\t\t<\/div>\n\t\t\t\t<\/div>\n\t\t\t\t\t<\/div>\n\t\t<\/div>\n\t\t\t\t\t\t\t<\/div>\n\t\t<\/section>\n\t\t\t\t<section class=\"elementor-section elementor-top-section elementor-element elementor-element-968100b elementor-section-boxed elementor-section-height-default elementor-section-height-default\" data-id=\"968100b\" data-element_type=\"section\">\n\t\t\t\t\t\t<div class=\"elementor-container elementor-column-gap-default\">\n\t\t\t\t\t<div class=\"elementor-column elementor-col-100 elementor-top-column elementor-element elementor-element-2ef9379\" data-id=\"2ef9379\" data-element_type=\"column\">\n\t\t\t<div class=\"elementor-widget-wrap elementor-element-populated\">\n\t\t\t\t\t\t\t\t<div class=\"elementor-element elementor-element-76926e9 elementor-widget elementor-widget-spacer\" data-id=\"76926e9\" data-element_type=\"widget\" data-widget_type=\"spacer.default\">\n\t\t\t\t<div class=\"elementor-widget-container\">\n\t\t\t\t\t<div class=\"elementor-spacer\">\n\t\t\t<div class=\"elementor-spacer-inner\"><\/div>\n\t\t<\/div>\n\t\t\t\t<\/div>\n\t\t\t\t<\/div>\n\t\t\t\t\t<\/div>\n\t\t<\/div>\n\t\t\t\t\t\t\t<\/div>\n\t\t<\/section>\n\t\t\t\t<section class=\"elementor-section elementor-top-section elementor-element elementor-element-4ff153e elementor-section-boxed elementor-section-height-default elementor-section-height-default\" data-id=\"4ff153e\" data-element_type=\"section\">\n\t\t\t\t\t\t<div class=\"elementor-container elementor-column-gap-default\">\n\t\t\t\t\t<div class=\"elementor-column elementor-col-100 elementor-top-column elementor-element elementor-element-7244622\" data-id=\"7244622\" data-element_type=\"column\">\n\t\t\t<div class=\"elementor-widget-wrap elementor-element-populated\">\n\t\t\t\t\t\t\t\t<div class=\"elementor-element elementor-element-ef7205d elementor-widget elementor-widget-heading\" data-id=\"ef7205d\" data-element_type=\"widget\" data-widget_type=\"heading.default\">\n\t\t\t\t<div class=\"elementor-widget-container\">\n\t\t\t<h3 class=\"elementor-heading-title elementor-size-default\">PARCOURS<\/h3>\t\t<\/div>\n\t\t\t\t<\/div>\n\t\t\t\t\t<\/div>\n\t\t<\/div>\n\t\t\t\t\t\t\t<\/div>\n\t\t<\/section>\n\t\t\t\t<section class=\"elementor-section elementor-top-section elementor-element elementor-element-1cb5cf0 elementor-section-boxed elementor-section-height-default elementor-section-height-default\" data-id=\"1cb5cf0\" data-element_type=\"section\">\n\t\t\t\t\t\t<div class=\"elementor-container elementor-column-gap-default\">\n\t\t\t\t\t<div class=\"elementor-column elementor-col-100 elementor-top-column elementor-element elementor-element-75ac270\" data-id=\"75ac270\" data-element_type=\"column\">\n\t\t\t<div class=\"elementor-widget-wrap elementor-element-populated\">\n\t\t\t\t\t\t\t\t<div class=\"elementor-element elementor-element-9b9f6a3 elementor-widget elementor-widget-image\" data-id=\"9b9f6a3\" data-element_type=\"widget\" data-widget_type=\"image.default\">\n\t\t\t\t<div class=\"elementor-widget-container\">\n\t\t\t\t\t\t\t\t\t\t\t\t\t\t\t<img width=\"595\" height=\"841\" src=\"https:\/\/ffcgardcyclisme.fr\/wp-content\/uploads\/2022\/01\/Parcours-et-Horaires-Route-de-letoi-le-2022-Souvenir-Jo-e\u0308l-Bourret.png\" class=\"attachment-large size-large\" alt=\"\" loading=\"lazy\" srcset=\"https:\/\/ffcgardcyclisme.fr\/wp-content\/uploads\/2022\/01\/Parcours-et-Horaires-Route-de-letoi-le-2022-Souvenir-Jo-e\u0308l-Bourret.png 595w, https:\/\/ffcgardcyclisme.fr\/wp-content\/uploads\/2022\/01\/Parcours-et-Horaires-Route-de-letoi-le-2022-Souvenir-Jo-e\u0308l-Bourret-212x300.png 212w\" sizes=\"(max-width: 595px) 100vw, 595px\" \/>\t\t\t\t\t\t\t\t\t\t\t\t\t\t\t<\/div>\n\t\t\t\t<\/div>\n\t\t\t\t\t<\/div>\n\t\t<\/div>\n\t\t\t\t\t\t\t<\/div>\n\t\t<\/section>\n\t\t\t\t<section class=\"elementor-section elementor-top-section elementor-element elementor-element-f7ce013 elementor-section-boxed elementor-section-height-default elementor-section-height-default\" data-id=\"f7ce013\" data-element_type=\"section\">\n\t\t\t\t\t\t<div class=\"elementor-container elementor-column-gap-default\">\n\t\t\t\t\t<div class=\"elementor-column elementor-col-100 elementor-top-column elementor-element elementor-element-77be61e\" data-id=\"77be61e\" data-element_type=\"column\">\n\t\t\t<div class=\"elementor-widget-wrap elementor-element-populated\">\n\t\t\t\t\t\t\t\t<div class=\"elementor-element elementor-element-df1096b elementor-widget elementor-widget-spacer\" data-id=\"df1096b\" data-element_type=\"widget\" data-widget_type=\"spacer.default\">\n\t\t\t\t<div class=\"elementor-widget-container\">\n\t\t\t\t\t<div class=\"elementor-spacer\">\n\t\t\t<div class=\"elementor-spacer-inner\"><\/div>\n\t\t<\/div>\n\t\t\t\t<\/div>\n\t\t\t\t<\/div>\n\t\t\t\t\t<\/div>\n\t\t<\/div>\n\t\t\t\t\t\t\t<\/div>\n\t\t<\/section>\n\t\t\t\t<section class=\"elementor-section elementor-top-section elementor-element elementor-element-88978ea elementor-section-boxed elementor-section-height-default elementor-section-height-default\" data-id=\"88978ea\" data-element_type=\"section\">\n\t\t\t\t\t\t<div class=\"elementor-container elementor-column-gap-default\">\n\t\t\t\t\t<div class=\"elementor-column elementor-col-50 elementor-top-column elementor-element elementor-element-1defaa0\" data-id=\"1defaa0\" data-element_type=\"column\">\n\t\t\t<div class=\"elementor-widget-wrap elementor-element-populated\">\n\t\t\t\t\t\t\t\t<div class=\"elementor-element elementor-element-1643fe4 elementor-widget elementor-widget-heading\" data-id=\"1643fe4\" data-element_type=\"widget\" data-widget_type=\"heading.default\">\n\t\t\t\t<div class=\"elementor-widget-container\">\n\t\t\t<h3 class=\"elementor-heading-title elementor-size-default\">R\u00c8GLEMENT<\/h3>\t\t<\/div>\n\t\t\t\t<\/div>\n\t\t\t\t\t<\/div>\n\t\t<\/div>\n\t\t\t\t<div class=\"elementor-column elementor-col-50 elementor-top-column elementor-element elementor-element-3bb3635\" data-id=\"3bb3635\" data-element_type=\"column\">\n\t\t\t<div class=\"elementor-widget-wrap elementor-element-populated\">\n\t\t\t\t\t\t\t\t<div class=\"elementor-element elementor-element-063535a elementor-widget elementor-widget-heading\" data-id=\"063535a\" data-element_type=\"widget\" data-widget_type=\"heading.default\">\n\t\t\t\t<div class=\"elementor-widget-container\">\n\t\t\t<h3 class=\"elementor-heading-title elementor-size-default\">BULLETIN D'INSCRIPTION<\/h3>\t\t<\/div>\n\t\t\t\t<\/div>\n\t\t\t\t\t<\/div>\n\t\t<\/div>\n\t\t\t\t\t\t\t<\/div>\n\t\t<\/section>\n\t\t\t\t<section class=\"elementor-section elementor-top-section elementor-element elementor-element-10431a6 elementor-section-boxed elementor-section-height-default elementor-section-height-default\" data-id=\"10431a6\" data-element_type=\"section\">\n\t\t\t\t\t\t<div class=\"elementor-container elementor-column-gap-default\">\n\t\t\t\t\t<div class=\"elementor-column elementor-col-50 elementor-top-column elementor-element elementor-element-f12ab1b\" data-id=\"f12ab1b\" data-element_type=\"column\">\n\t\t\t<div class=\"elementor-widget-wrap elementor-element-populated\">\n\t\t\t\t\t\t\t\t<div class=\"elementor-element elementor-element-f2b967c elementor-widget elementor-widget-text-editor\" data-id=\"f2b967c\" data-element_type=\"widget\" data-widget_type=\"text-editor.default\">\n\t\t\t\t<div class=\"elementor-widget-container\">\n\t\t\t\t\t\t\t<p>Vous trouverez ci-dessous le r\u00e8glement int\u00e9rieur de la participation \u00e0 la course \u00ab\u00a0Route de l&rsquo;\u00c9toile\u00a0\u00bb :<\/p><p><a href=\"https:\/\/ffcgardcyclisme.fr\/wp-content\/uploads\/2022\/01\/Re\u0300glement-route-de-le\u0301toile-2022-.pdf\">Re\u0300glement route de l&rsquo;e\u0301toile<\/a><\/p>\t\t\t\t\t\t<\/div>\n\t\t\t\t<\/div>\n\t\t\t\t\t<\/div>\n\t\t<\/div>\n\t\t\t\t<div class=\"elementor-column elementor-col-50 elementor-top-column elementor-element elementor-element-c2eac44\" data-id=\"c2eac44\" data-element_type=\"column\">\n\t\t\t<div class=\"elementor-widget-wrap elementor-element-populated\">\n\t\t\t\t\t\t\t\t<div class=\"elementor-element elementor-element-32c7438 elementor-widget elementor-widget-text-editor\" data-id=\"32c7438\" data-element_type=\"widget\" data-widget_type=\"text-editor.default\">\n\t\t\t\t<div class=\"elementor-widget-container\">\n\t\t\t\t\t\t\t<p>Vous trouverez ci-dessous le bulletin d&rsquo;inscription de la participation \u00e0 la course \u00ab\u00a0Route de l&rsquo;\u00c9toile\u00a0\u00bb :<\/p><p><a href=\"https:\/\/ffcgardcyclisme.fr\/wp-content\/uploads\/2022\/01\/Bulletin-Engagement-route-de-letoi-le-2022-Souvenir-Jo-e\u0308l-Bourret.pdf\">Bulletin d&rsquo;inscription<\/a><\/p><p>DERNIER JOUR POUR S&rsquo;INSCRIRE : 04 f\u00e9vrier 2022<\/p><div>\u00a0<\/div>\t\t\t\t\t\t<\/div>\n\t\t\t\t<\/div>\n\t\t\t\t\t<\/div>\n\t\t<\/div>\n\t\t\t\t\t\t\t<\/div>\n\t\t<\/section>\n\t\t\t\t\t\t\t<\/div>\n\t\t","protected":false},"excerpt":{"rendered":"<p>\u00c9V\u00c8NEMENT COURSE : LA ROUTE DE L&rsquo;\u00c9TOILE \u00c9V\u00c8NEMENT : LA ROUTE DE L&rsquo;\u00c9TOILE La course de la \u00ab\u00a0ROUTE DE L&rsquo;\u00c9TOILE\u00a0\u00bb est de retour cette ann\u00e9e.&nbsp; Dimanche 06 f\u00e9vrier 2022 organis\u00e9e par le V\u00e9lo Sprint du Grand Al\u00e8s, le Comit\u00e9 du Gard FFc et en partenariat avec l&rsquo;Union Cycliste Bess\u00e8geoise.&nbsp; CIRCUIT DE LA COURSE PARCOURS R\u00c8GLEMENT [&hellip;]<\/p>\n","protected":false},"author":2,"featured_media":0,"parent":0,"menu_order":0,"comment_status":"closed","ping_status":"closed","template":"","meta":{"_mi_skip_tracking":false},"aioseo_notices":[],"_links":{"self":[{"href":"https:\/\/ffcgardcyclisme.fr\/index.php?rest_route=\/wp\/v2\/pages\/934"}],"collection":[{"href":"https:\/\/ffcgardcyclisme.fr\/index.php?rest_route=\/wp\/v2\/pages"}],"about":[{"href":"https:\/\/ffcgardcyclisme.fr\/index.php?rest_route=\/wp\/v2\/types\/page"}],"author":[{"embeddable":true,"href":"https:\/\/ffcgardcyclisme.fr\/index.php?rest_route=\/wp\/v2\/users\/2"}],"replies":[{"embeddable":true,"href":"https:\/\/ffcgardcyclisme.fr\/index.php?rest_route=%2Fwp%2Fv2%2Fcomments&post=934"}],"version-history":[{"count":11,"href":"https:\/\/ffcgardcyclisme.fr\/index.php?rest_route=\/wp\/v2\/pages\/934\/revisions"}],"predecessor-version":[{"id":978,"href":"https:\/\/ffcgardcyclisme.fr\/index.php?rest_route=\/wp\/v2\/pages\/934\/revisions\/978"}],"wp:attachment":[{"href":"https:\/\/ffcgardcyclisme.fr\/index.php?rest_route=%2Fwp%2Fv2%2Fmedia&parent=934"}],"curies":[{"name":"wp","href":"https:\/\/api.w.org\/{rel}","templated":true}]}}