{"id":648,"date":"2021-12-21T15:24:59","date_gmt":"2021-12-21T15:24:59","guid":{"rendered":"https:\/\/ffcgardcyclisme.fr\/?page_id=648"},"modified":"2022-11-17T09:15:08","modified_gmt":"2022-11-17T09:15:08","slug":"sport-sante","status":"publish","type":"page","link":"https:\/\/ffcgardcyclisme.fr\/?page_id=648","title":{"rendered":"MOBILIT\u00c9 ET V\u00c9LO SANT\u00c9"},"content":{"rendered":"\n<figure class=\"wp-block-image size-full\"><img loading=\"lazy\" width=\"720\" height=\"960\" src=\"https:\/\/ffcgardcyclisme.fr\/wp-content\/uploads\/2022\/11\/vrvervrervrev.jpg\" alt=\"\" class=\"wp-image-1135\" srcset=\"https:\/\/ffcgardcyclisme.fr\/wp-content\/uploads\/2022\/11\/vrvervrervrev.jpg 720w, https:\/\/ffcgardcyclisme.fr\/wp-content\/uploads\/2022\/11\/vrvervrervrev-225x300.jpg 225w, https:\/\/ffcgardcyclisme.fr\/wp-content\/uploads\/2022\/11\/vrvervrervrev-300x400.jpg 300w\" sizes=\"(max-width: 720px) 100vw, 720px\" \/><\/figure>\n","protected":false},"excerpt":{"rendered":"","protected":false},"author":5,"featured_media":0,"parent":0,"menu_order":0,"comment_status":"closed","ping_status":"closed","template":"","meta":{"_mi_skip_tracking":false},"aioseo_notices":[],"_links":{"self":[{"href":"https:\/\/ffcgardcyclisme.fr\/index.php?rest_route=\/wp\/v2\/pages\/648"}],"collection":[{"href":"https:\/\/ffcgardcyclisme.fr\/index.php?rest_route=\/wp\/v2\/pages"}],"about":[{"href":"https:\/\/ffcgardcyclisme.fr\/index.php?rest_route=\/wp\/v2\/types\/page"}],"author":[{"embeddable":true,"href":"https:\/\/ffcgardcyclisme.fr\/index.php?rest_route=\/wp\/v2\/users\/5"}],"replies":[{"embeddable":true,"href":"https:\/\/ffcgardcyclisme.fr\/index.php?rest_route=%2Fwp%2Fv2%2Fcomments&post=648"}],"version-history":[{"count":3,"href":"https:\/\/ffcgardcyclisme.fr\/index.php?rest_route=\/wp\/v2\/pages\/648\/revisions"}],"predecessor-version":[{"id":1136,"href":"https:\/\/ffcgardcyclisme.fr\/index.php?rest_route=\/wp\/v2\/pages\/648\/revisions\/1136"}],"wp:attachment":[{"href":"https:\/\/ffcgardcyclisme.fr\/index.php?rest_route=%2Fwp%2Fv2%2Fmedia&parent=648"}],"curies":[{"name":"wp","href":"https:\/\/api.w.org\/{rel}","templated":true}]}}