{"id":626,"date":"2021-12-21T15:18:43","date_gmt":"2021-12-21T15:18:43","guid":{"rendered":"https:\/\/ffcgardcyclisme.fr\/?page_id=626"},"modified":"2022-11-14T20:33:44","modified_gmt":"2022-11-14T20:33:44","slug":"cyclo-cross","status":"publish","type":"page","link":"https:\/\/ffcgardcyclisme.fr\/?page_id=626","title":{"rendered":"CYCLO-CROSS"},"content":{"rendered":"\t\t<div data-elementor-type=\"wp-page\" data-elementor-id=\"626\" class=\"elementor elementor-626\">\n\t\t\t\t\t\t\t\t\t<section class=\"elementor-section elementor-top-section elementor-element elementor-element-5c3f914 elementor-section-boxed elementor-section-height-default elementor-section-height-default\" data-id=\"5c3f914\" data-element_type=\"section\">\n\t\t\t\t\t\t<div class=\"elementor-container elementor-column-gap-default\">\n\t\t\t\t\t<div class=\"elementor-column elementor-col-50 elementor-top-column elementor-element elementor-element-5a1db84\" data-id=\"5a1db84\" data-element_type=\"column\">\n\t\t\t<div class=\"elementor-widget-wrap elementor-element-populated\">\n\t\t\t\t\t\t\t\t<div class=\"elementor-element elementor-element-2eda2b6 elementor-widget elementor-widget-heading\" data-id=\"2eda2b6\" data-element_type=\"widget\" data-widget_type=\"heading.default\">\n\t\t\t\t<div class=\"elementor-widget-container\">\n\t\t\t<style>\/*! elementor - v3.7.5 - 14-09-2022 *\/\n.elementor-heading-title{padding:0;margin:0;line-height:1}.elementor-widget-heading .elementor-heading-title[class*=elementor-size-]>a{color:inherit;font-size:inherit;line-height:inherit}.elementor-widget-heading .elementor-heading-title.elementor-size-small{font-size:15px}.elementor-widget-heading .elementor-heading-title.elementor-size-medium{font-size:19px}.elementor-widget-heading .elementor-heading-title.elementor-size-large{font-size:29px}.elementor-widget-heading .elementor-heading-title.elementor-size-xl{font-size:39px}.elementor-widget-heading .elementor-heading-title.elementor-size-xxl{font-size:59px}<\/style><h2 class=\"elementor-heading-title elementor-size-xxl\"><b>PRESENTATION<\/b><\/h2>\t\t<\/div>\n\t\t\t\t<\/div>\n\t\t\t\t\t<\/div>\n\t\t<\/div>\n\t\t\t\t<div class=\"elementor-column elementor-col-50 elementor-top-column elementor-element elementor-element-f5ac027\" data-id=\"f5ac027\" data-element_type=\"column\">\n\t\t\t<div class=\"elementor-widget-wrap elementor-element-populated\">\n\t\t\t\t\t\t\t\t<div class=\"elementor-element elementor-element-3548fff elementor-widget elementor-widget-heading\" data-id=\"3548fff\" data-element_type=\"widget\" data-widget_type=\"heading.default\">\n\t\t\t\t<div class=\"elementor-widget-container\">\n\t\t\t<h2 class=\"elementor-heading-title elementor-size-xxl\"><b>REGLEMENTATION<\/b><\/h2>\t\t<\/div>\n\t\t\t\t<\/div>\n\t\t\t\t\t<\/div>\n\t\t<\/div>\n\t\t\t\t\t\t\t<\/div>\n\t\t<\/section>\n\t\t\t\t<section class=\"elementor-section elementor-top-section elementor-element elementor-element-2f43e83 elementor-section-boxed elementor-section-height-default elementor-section-height-default\" data-id=\"2f43e83\" data-element_type=\"section\">\n\t\t\t\t\t\t<div class=\"elementor-container elementor-column-gap-default\">\n\t\t\t\t\t<div class=\"elementor-column elementor-col-50 elementor-top-column elementor-element elementor-element-ec61d7e\" data-id=\"ec61d7e\" data-element_type=\"column\">\n\t\t\t<div class=\"elementor-widget-wrap elementor-element-populated\">\n\t\t\t\t\t\t\t\t<div class=\"elementor-element elementor-element-8a02050 elementor-widget elementor-widget-text-editor\" data-id=\"8a02050\" data-element_type=\"widget\" data-widget_type=\"text-editor.default\">\n\t\t\t\t<div class=\"elementor-widget-container\">\n\t\t\t<style>\/*! elementor - v3.7.5 - 14-09-2022 *\/\n.elementor-widget-text-editor.elementor-drop-cap-view-stacked .elementor-drop-cap{background-color:#818a91;color:#fff}.elementor-widget-text-editor.elementor-drop-cap-view-framed .elementor-drop-cap{color:#818a91;border:3px solid;background-color:transparent}.elementor-widget-text-editor:not(.elementor-drop-cap-view-default) .elementor-drop-cap{margin-top:8px}.elementor-widget-text-editor:not(.elementor-drop-cap-view-default) .elementor-drop-cap-letter{width:1em;height:1em}.elementor-widget-text-editor .elementor-drop-cap{float:left;text-align:center;line-height:1;font-size:50px}.elementor-widget-text-editor .elementor-drop-cap-letter{display:inline-block}<\/style>\t\t\t\t<p>Le cyclo-cross est une discipline cycliste se pratiquant \u00e0 l&rsquo;automne et durant l&rsquo;hiver.<\/p><p>Le circuit o\u00f9 se d\u00e9roule la discipline est compos\u00e9 de chemins, de prairies, de sables et un peu de route.<\/p>\t\t\t\t\t\t<\/div>\n\t\t\t\t<\/div>\n\t\t\t\t\t<\/div>\n\t\t<\/div>\n\t\t\t\t<div class=\"elementor-column elementor-col-50 elementor-top-column elementor-element elementor-element-abc06d8\" data-id=\"abc06d8\" data-element_type=\"column\">\n\t\t\t<div class=\"elementor-widget-wrap elementor-element-populated\">\n\t\t\t\t\t\t\t\t<div class=\"elementor-element elementor-element-ad005c3 elementor-widget elementor-widget-text-editor\" data-id=\"ad005c3\" data-element_type=\"widget\" data-widget_type=\"text-editor.default\">\n\t\t\t\t<div class=\"elementor-widget-container\">\n\t\t\t\t\t\t\t<p>Au sujet du cyclo-cross, une r\u00e8glementation est mise en place, propre \u00e0 cette discipline.<\/p><p>Nous vous les mettons ci-dessous :<\/p><p><a href=\"https:\/\/ffcgardcyclisme.fr\/wp-content\/uploads\/2021\/12\/REGLEMENTATION-CYCLO-CROSS-maj-29.07.2021.pdf\">REGLEMENTATION CYCLO-CROSS<\/a><\/p><p>\u00a0<\/p>\t\t\t\t\t\t<\/div>\n\t\t\t\t<\/div>\n\t\t\t\t\t<\/div>\n\t\t<\/div>\n\t\t\t\t\t\t\t<\/div>\n\t\t<\/section>\n\t\t\t\t<section class=\"elementor-section elementor-top-section elementor-element elementor-element-13b7212 elementor-section-boxed elementor-section-height-default elementor-section-height-default\" data-id=\"13b7212\" data-element_type=\"section\">\n\t\t\t\t\t\t<div class=\"elementor-container elementor-column-gap-default\">\n\t\t\t\t\t<div class=\"elementor-column elementor-col-100 elementor-top-column elementor-element elementor-element-f220ce2\" data-id=\"f220ce2\" data-element_type=\"column\">\n\t\t\t<div class=\"elementor-widget-wrap elementor-element-populated\">\n\t\t\t\t\t\t\t\t<div class=\"elementor-element elementor-element-745ddfe elementor-widget elementor-widget-heading\" data-id=\"745ddfe\" data-element_type=\"widget\" data-widget_type=\"heading.default\">\n\t\t\t\t<div class=\"elementor-widget-container\">\n\t\t\t<h2 class=\"elementor-heading-title elementor-size-xxl\"><b>CHALLENGE GARDOIS DE CYCLO-CROSS 2023<\/b><\/h2>\t\t<\/div>\n\t\t\t\t<\/div>\n\t\t\t\t\t<\/div>\n\t\t<\/div>\n\t\t\t\t\t\t\t<\/div>\n\t\t<\/section>\n\t\t\t\t<section class=\"elementor-section elementor-top-section elementor-element elementor-element-8e14f42 elementor-section-boxed elementor-section-height-default elementor-section-height-default\" data-id=\"8e14f42\" data-element_type=\"section\">\n\t\t\t\t\t\t<div class=\"elementor-container elementor-column-gap-default\">\n\t\t\t\t\t<div class=\"elementor-column elementor-col-50 elementor-top-column elementor-element elementor-element-5324ba8\" data-id=\"5324ba8\" data-element_type=\"column\">\n\t\t\t<div class=\"elementor-widget-wrap elementor-element-populated\">\n\t\t\t\t\t\t\t\t<div class=\"elementor-element elementor-element-0a03f5a elementor-widget elementor-widget-image\" data-id=\"0a03f5a\" data-element_type=\"widget\" data-widget_type=\"image.default\">\n\t\t\t\t<div class=\"elementor-widget-container\">\n\t\t\t<style>\/*! elementor - v3.7.5 - 14-09-2022 *\/\n.elementor-widget-image{text-align:center}.elementor-widget-image a{display:inline-block}.elementor-widget-image a img[src$=\".svg\"]{width:48px}.elementor-widget-image img{vertical-align:middle;display:inline-block}<\/style>\t\t\t\t\t\t\t\t\t\t\t\t<img width=\"768\" height=\"532\" src=\"https:\/\/ffcgardcyclisme.fr\/wp-content\/uploads\/2022\/09\/AFFICHE-CHALLENGE-GARDOIS-2023-2-768x532.png\" class=\"attachment-medium_large size-medium_large\" alt=\"\" loading=\"lazy\" srcset=\"https:\/\/ffcgardcyclisme.fr\/wp-content\/uploads\/2022\/09\/AFFICHE-CHALLENGE-GARDOIS-2023-2-768x532.png 768w, https:\/\/ffcgardcyclisme.fr\/wp-content\/uploads\/2022\/09\/AFFICHE-CHALLENGE-GARDOIS-2023-2-300x208.png 300w, https:\/\/ffcgardcyclisme.fr\/wp-content\/uploads\/2022\/09\/AFFICHE-CHALLENGE-GARDOIS-2023-2-1024x709.png 1024w, https:\/\/ffcgardcyclisme.fr\/wp-content\/uploads\/2022\/09\/AFFICHE-CHALLENGE-GARDOIS-2023-2.png 1040w\" sizes=\"(max-width: 768px) 100vw, 768px\" \/>\t\t\t\t\t\t\t\t\t\t\t\t\t\t\t<\/div>\n\t\t\t\t<\/div>\n\t\t\t\t\t<\/div>\n\t\t<\/div>\n\t\t\t\t<div class=\"elementor-column elementor-col-50 elementor-top-column elementor-element elementor-element-80b2028\" data-id=\"80b2028\" data-element_type=\"column\">\n\t\t\t<div class=\"elementor-widget-wrap elementor-element-populated\">\n\t\t\t\t\t\t\t\t<div class=\"elementor-element elementor-element-4f186a5 elementor-widget elementor-widget-heading\" data-id=\"4f186a5\" data-element_type=\"widget\" data-widget_type=\"heading.default\">\n\t\t\t\t<div class=\"elementor-widget-container\">\n\t\t\t<h2 class=\"elementor-heading-title elementor-size-large\">R\u00c8GLEMENTS CHALLENGE GARDOIS DE CX<\/h2>\t\t<\/div>\n\t\t\t\t<\/div>\n\t\t\t\t<div class=\"elementor-element elementor-element-3b1d4a7 elementor-widget elementor-widget-text-editor\" data-id=\"3b1d4a7\" data-element_type=\"widget\" data-widget_type=\"text-editor.default\">\n\t\t\t\t<div class=\"elementor-widget-container\">\n\t\t\t\t\t\t\t<p><a title=\"REGLEMENT 2022\/2023\" href=\"https:\/\/ffcgardcyclisme.fr\/wp-content\/uploads\/2022\/09\/Reglement-Challenge-Gardois-CX-2023.pdf\" target=\"_blank\" rel=\"noopener\">R\u00e8glement 2022\/2023<\/a><\/p>\t\t\t\t\t\t<\/div>\n\t\t\t\t<\/div>\n\t\t\t\t<div class=\"elementor-element elementor-element-482b23d elementor-widget elementor-widget-heading\" data-id=\"482b23d\" data-element_type=\"widget\" data-widget_type=\"heading.default\">\n\t\t\t\t<div class=\"elementor-widget-container\">\n\t\t\t<h2 class=\"elementor-heading-title elementor-size-large\">R\u00c9SULTATS CHALLENGE GARDOIS DE CX<\/h2>\t\t<\/div>\n\t\t\t\t<\/div>\n\t\t\t\t<div class=\"elementor-element elementor-element-9c9ae3d elementor-widget elementor-widget-text-editor\" data-id=\"9c9ae3d\" data-element_type=\"widget\" data-widget_type=\"text-editor.default\">\n\t\t\t\t<div class=\"elementor-widget-container\">\n\t\t\t\t\t\t\t<p><a href=\"https:\/\/ffcgardcyclisme.fr\/wp-content\/uploads\/2022\/09\/Resultats-Cyclo-Cross-2022-Uzes-Velo-Club.pdf\" target=\"_blank\" rel=\"noopener\">Classements UZES\u00a0<\/a><\/p><p><a href=\"https:\/\/ffcgardcyclisme.fr\/wp-content\/uploads\/2022\/09\/RESULTATS-CX-VAUVERT-2022.pdf\" target=\"_blank\" rel=\"noopener\">Classements VAUVERT<\/a><\/p><p><a href=\"https:\/\/ffcgardcyclisme.fr\/wp-content\/uploads\/2022\/09\/RESULTATS-CX-NIMES-BASTIDE-2022.pdf\" target=\"_blank\" rel=\"noopener\">Classements NIMES<\/a><\/p><p><a href=\"https:\/\/ffcgardcyclisme.fr\/wp-content\/uploads\/2022\/09\/RESULTATS-CX-SALINDRES.pdf\" target=\"_blank\" rel=\"noopener\">Classements SALINDRES<\/a><\/p><p><a href=\"https:\/\/ffcgardcyclisme.fr\/wp-content\/uploads\/2022\/09\/CLASSEMENT-FINAL-CHALLENGE-GARDOIS-CYCLO-CROSS-2022.pdf\" target=\"_blank\" rel=\"noopener\">CLASSEMENT FINAL CHALLENGE GARDOIS CX 2022<\/a><\/p>\t\t\t\t\t\t<\/div>\n\t\t\t\t<\/div>\n\t\t\t\t\t<\/div>\n\t\t<\/div>\n\t\t\t\t\t\t\t<\/div>\n\t\t<\/section>\n\t\t\t\t<section class=\"elementor-section elementor-top-section elementor-element elementor-element-aac4ead elementor-section-boxed elementor-section-height-default elementor-section-height-default\" data-id=\"aac4ead\" data-element_type=\"section\">\n\t\t\t\t\t\t<div class=\"elementor-container elementor-column-gap-default\">\n\t\t\t\t\t<div class=\"elementor-column elementor-col-100 elementor-top-column elementor-element elementor-element-46f6322\" data-id=\"46f6322\" data-element_type=\"column\">\n\t\t\t<div class=\"elementor-widget-wrap elementor-element-populated\">\n\t\t\t\t\t\t\t\t<div class=\"elementor-element elementor-element-64ed0b1 elementor-widget elementor-widget-spacer\" data-id=\"64ed0b1\" data-element_type=\"widget\" data-widget_type=\"spacer.default\">\n\t\t\t\t<div class=\"elementor-widget-container\">\n\t\t\t<style>\/*! elementor - v3.7.5 - 14-09-2022 *\/\n.elementor-column .elementor-spacer-inner{height:var(--spacer-size)}.e-container{--container-widget-width:100%}.e-container>.elementor-widget-spacer{width:var(--container-widget-width,var(--spacer-size));-ms-flex-item-align:stretch;align-self:stretch;-ms-flex-negative:0;flex-shrink:0}.e-container>.elementor-widget-spacer>.elementor-widget-container,.e-container>.elementor-widget-spacer>.elementor-widget-container>.elementor-spacer{height:100%}.e-container>.elementor-widget-spacer>.elementor-widget-container>.elementor-spacer>.elementor-spacer-inner{height:var(--container-widget-height,var(--spacer-size))}<\/style>\t\t<div class=\"elementor-spacer\">\n\t\t\t<div class=\"elementor-spacer-inner\"><\/div>\n\t\t<\/div>\n\t\t\t\t<\/div>\n\t\t\t\t<\/div>\n\t\t\t\t\t<\/div>\n\t\t<\/div>\n\t\t\t\t\t\t\t<\/div>\n\t\t<\/section>\n\t\t\t\t<section class=\"elementor-section elementor-top-section elementor-element elementor-element-4798ed6 elementor-section-boxed elementor-section-height-default elementor-section-height-default\" data-id=\"4798ed6\" data-element_type=\"section\">\n\t\t\t\t\t\t<div class=\"elementor-container elementor-column-gap-default\">\n\t\t\t\t\t<div class=\"elementor-column elementor-col-100 elementor-top-column elementor-element elementor-element-eee498e\" data-id=\"eee498e\" data-element_type=\"column\">\n\t\t\t<div class=\"elementor-widget-wrap elementor-element-populated\">\n\t\t\t\t\t\t\t\t<div class=\"elementor-element elementor-element-a54af61 elementor-widget elementor-widget-heading\" data-id=\"a54af61\" data-element_type=\"widget\" data-widget_type=\"heading.default\">\n\t\t\t\t<div class=\"elementor-widget-container\">\n\t\t\t<h2 class=\"elementor-heading-title elementor-size-default\">LE CALENDRIER<\/h2>\t\t<\/div>\n\t\t\t\t<\/div>\n\t\t\t\t\t<\/div>\n\t\t<\/div>\n\t\t\t\t\t\t\t<\/div>\n\t\t<\/section>\n\t\t\t\t<section class=\"elementor-section elementor-top-section elementor-element elementor-element-73296c1 elementor-section-boxed elementor-section-height-default elementor-section-height-default\" data-id=\"73296c1\" data-element_type=\"section\">\n\t\t\t\t\t\t<div class=\"elementor-container elementor-column-gap-default\">\n\t\t\t\t\t<div class=\"elementor-column elementor-col-100 elementor-top-column elementor-element elementor-element-f267d49\" data-id=\"f267d49\" data-element_type=\"column\">\n\t\t\t<div class=\"elementor-widget-wrap elementor-element-populated\">\n\t\t\t\t\t\t\t\t<div class=\"elementor-element elementor-element-cb9b459 elementor-widget elementor-widget-wp-widget-calendar\" data-id=\"cb9b459\" data-element_type=\"widget\" data-widget_type=\"wp-widget-calendar.default\">\n\t\t\t\t<div class=\"elementor-widget-container\">\n\t\t\t<div id=\"calendar_wrap\" class=\"calendar_wrap\"><table id=\"wp-calendar\" class=\"wp-calendar-table\">\n\t<caption>avril 2026<\/caption>\n\t<thead>\n\t<tr>\n\t\t<th scope=\"col\" title=\"lundi\">L<\/th>\n\t\t<th scope=\"col\" title=\"mardi\">M<\/th>\n\t\t<th scope=\"col\" title=\"mercredi\">M<\/th>\n\t\t<th scope=\"col\" title=\"jeudi\">J<\/th>\n\t\t<th scope=\"col\" title=\"vendredi\">V<\/th>\n\t\t<th scope=\"col\" title=\"samedi\">S<\/th>\n\t\t<th scope=\"col\" title=\"dimanche\">D<\/th>\n\t<\/tr>\n\t<\/thead>\n\t<tbody>\n\t<tr>\n\t\t<td colspan=\"2\" class=\"pad\">&nbsp;<\/td><td>1<\/td><td>2<\/td><td>3<\/td><td>4<\/td><td>5<\/td>\n\t<\/tr>\n\t<tr>\n\t\t<td>6<\/td><td>7<\/td><td>8<\/td><td id=\"today\">9<\/td><td>10<\/td><td>11<\/td><td>12<\/td>\n\t<\/tr>\n\t<tr>\n\t\t<td>13<\/td><td>14<\/td><td>15<\/td><td>16<\/td><td>17<\/td><td>18<\/td><td>19<\/td>\n\t<\/tr>\n\t<tr>\n\t\t<td>20<\/td><td>21<\/td><td>22<\/td><td>23<\/td><td>24<\/td><td>25<\/td><td>26<\/td>\n\t<\/tr>\n\t<tr>\n\t\t<td>27<\/td><td>28<\/td><td>29<\/td><td>30<\/td>\n\t\t<td class=\"pad\" colspan=\"3\">&nbsp;<\/td>\n\t<\/tr>\n\t<\/tbody>\n\t<\/table><nav aria-label=\"Mois pr\u00e9c\u00e9dents et suivants\" class=\"wp-calendar-nav\">\n\t\t<span class=\"wp-calendar-nav-prev\"><a href=\"https:\/\/ffcgardcyclisme.fr\/?m=202412\">&laquo; D\u00e9c<\/a><\/span>\n\t\t<span class=\"pad\">&nbsp;<\/span>\n\t\t<span class=\"wp-calendar-nav-next\">&nbsp;<\/span>\n\t<\/nav><\/div>\t\t<\/div>\n\t\t\t\t<\/div>\n\t\t\t\t<div class=\"elementor-element elementor-element-77d9e92 elementor-widget elementor-widget-heading\" data-id=\"77d9e92\" data-element_type=\"widget\" data-widget_type=\"heading.default\">\n\t\t\t\t<div class=\"elementor-widget-container\">\n\t\t\t<h2 class=\"elementor-heading-title elementor-size-default\">LES R\u00c9SULTATS<\/h2>\t\t<\/div>\n\t\t\t\t<\/div>\n\t\t\t\t\t<\/div>\n\t\t<\/div>\n\t\t\t\t\t\t\t<\/div>\n\t\t<\/section>\n\t\t\t\t<section class=\"elementor-section elementor-top-section elementor-element elementor-element-b1e1aa6 elementor-section-boxed elementor-section-height-default elementor-section-height-default\" data-id=\"b1e1aa6\" data-element_type=\"section\">\n\t\t\t\t\t\t<div class=\"elementor-container elementor-column-gap-default\">\n\t\t\t\t\t<div class=\"elementor-column elementor-col-100 elementor-top-column elementor-element elementor-element-41913d2\" data-id=\"41913d2\" data-element_type=\"column\">\n\t\t\t<div class=\"elementor-widget-wrap\">\n\t\t\t\t\t\t\t\t\t<\/div>\n\t\t<\/div>\n\t\t\t\t\t\t\t<\/div>\n\t\t<\/section>\n\t\t\t\t<section class=\"elementor-section elementor-top-section elementor-element elementor-element-722dffe elementor-section-boxed elementor-section-height-default elementor-section-height-default\" data-id=\"722dffe\" data-element_type=\"section\">\n\t\t\t\t\t\t<div class=\"elementor-container elementor-column-gap-default\">\n\t\t\t\t\t<div class=\"elementor-column elementor-col-100 elementor-top-column elementor-element elementor-element-1e0121d\" data-id=\"1e0121d\" data-element_type=\"column\">\n\t\t\t<div class=\"elementor-widget-wrap elementor-element-populated\">\n\t\t\t\t\t\t\t\t<div class=\"elementor-element elementor-element-95ed742 elementor-widget elementor-widget-spacer\" data-id=\"95ed742\" data-element_type=\"widget\" data-widget_type=\"spacer.default\">\n\t\t\t\t<div class=\"elementor-widget-container\">\n\t\t\t\t\t<div class=\"elementor-spacer\">\n\t\t\t<div class=\"elementor-spacer-inner\"><\/div>\n\t\t<\/div>\n\t\t\t\t<\/div>\n\t\t\t\t<\/div>\n\t\t\t\t\t<\/div>\n\t\t<\/div>\n\t\t\t\t\t\t\t<\/div>\n\t\t<\/section>\n\t\t\t\t\t\t\t<\/div>\n\t\t","protected":false},"excerpt":{"rendered":"<p>PRESENTATION REGLEMENTATION Le cyclo-cross est une discipline cycliste se pratiquant \u00e0 l&rsquo;automne et durant l&rsquo;hiver. Le circuit o\u00f9 se d\u00e9roule la discipline est compos\u00e9 de chemins, de prairies, de sables et un peu de route. Au sujet du cyclo-cross, une r\u00e8glementation est mise en place, propre \u00e0 cette discipline. Nous vous les mettons ci-dessous : [&hellip;]<\/p>\n","protected":false},"author":2,"featured_media":0,"parent":0,"menu_order":0,"comment_status":"closed","ping_status":"closed","template":"","meta":{"_mi_skip_tracking":false},"aioseo_notices":[],"_links":{"self":[{"href":"https:\/\/ffcgardcyclisme.fr\/index.php?rest_route=\/wp\/v2\/pages\/626"}],"collection":[{"href":"https:\/\/ffcgardcyclisme.fr\/index.php?rest_route=\/wp\/v2\/pages"}],"about":[{"href":"https:\/\/ffcgardcyclisme.fr\/index.php?rest_route=\/wp\/v2\/types\/page"}],"author":[{"embeddable":true,"href":"https:\/\/ffcgardcyclisme.fr\/index.php?rest_route=\/wp\/v2\/users\/2"}],"replies":[{"embeddable":true,"href":"https:\/\/ffcgardcyclisme.fr\/index.php?rest_route=%2Fwp%2Fv2%2Fcomments&post=626"}],"version-history":[{"count":61,"href":"https:\/\/ffcgardcyclisme.fr\/index.php?rest_route=\/wp\/v2\/pages\/626\/revisions"}],"predecessor-version":[{"id":1130,"href":"https:\/\/ffcgardcyclisme.fr\/index.php?rest_route=\/wp\/v2\/pages\/626\/revisions\/1130"}],"wp:attachment":[{"href":"https:\/\/ffcgardcyclisme.fr\/index.php?rest_route=%2Fwp%2Fv2%2Fmedia&parent=626"}],"curies":[{"name":"wp","href":"https:\/\/api.w.org\/{rel}","templated":true}]}}