{"id":409,"date":"2021-09-30T13:14:37","date_gmt":"2021-09-30T13:14:37","guid":{"rendered":"https:\/\/ffcgardcyclisme.fr\/?page_id=409"},"modified":"2022-01-13T10:45:01","modified_gmt":"2022-01-13T10:45:01","slug":"nos-reunions","status":"publish","type":"page","link":"https:\/\/ffcgardcyclisme.fr\/?page_id=409","title":{"rendered":"Compte rendu r\u00e9unions"},"content":{"rendered":"\t\t<div data-elementor-type=\"wp-page\" data-elementor-id=\"409\" class=\"elementor elementor-409\">\n\t\t\t\t\t\t\t\t\t<section class=\"elementor-section elementor-top-section elementor-element elementor-element-102b51f elementor-section-boxed elementor-section-height-default elementor-section-height-default\" data-id=\"102b51f\" data-element_type=\"section\">\n\t\t\t\t\t\t<div class=\"elementor-container elementor-column-gap-default\">\n\t\t\t\t\t<div class=\"elementor-column elementor-col-100 elementor-top-column elementor-element elementor-element-4939cba\" data-id=\"4939cba\" data-element_type=\"column\">\n\t\t\t<div class=\"elementor-widget-wrap elementor-element-populated\">\n\t\t\t\t\t\t\t\t<div class=\"elementor-element elementor-element-1a5448c elementor-widget elementor-widget-heading\" data-id=\"1a5448c\" data-element_type=\"widget\" data-widget_type=\"heading.default\">\n\t\t\t\t<div class=\"elementor-widget-container\">\n\t\t\t<style>\/*! elementor - v3.7.5 - 14-09-2022 *\/\n.elementor-heading-title{padding:0;margin:0;line-height:1}.elementor-widget-heading .elementor-heading-title[class*=elementor-size-]>a{color:inherit;font-size:inherit;line-height:inherit}.elementor-widget-heading .elementor-heading-title.elementor-size-small{font-size:15px}.elementor-widget-heading .elementor-heading-title.elementor-size-medium{font-size:19px}.elementor-widget-heading .elementor-heading-title.elementor-size-large{font-size:29px}.elementor-widget-heading .elementor-heading-title.elementor-size-xl{font-size:39px}.elementor-widget-heading .elementor-heading-title.elementor-size-xxl{font-size:59px}<\/style><h2 class=\"elementor-heading-title elementor-size-default\">Compte rendu des r\u00e9unions<\/h2>\t\t<\/div>\n\t\t\t\t<\/div>\n\t\t\t\t\t<\/div>\n\t\t<\/div>\n\t\t\t\t\t\t\t<\/div>\n\t\t<\/section>\n\t\t\t\t<section class=\"elementor-section elementor-top-section elementor-element elementor-element-5592670 elementor-section-boxed elementor-section-height-default elementor-section-height-default\" data-id=\"5592670\" data-element_type=\"section\">\n\t\t\t\t\t\t<div class=\"elementor-container elementor-column-gap-default\">\n\t\t\t\t\t<div class=\"elementor-column elementor-col-100 elementor-top-column elementor-element elementor-element-3ce4c0e\" data-id=\"3ce4c0e\" data-element_type=\"column\">\n\t\t\t<div class=\"elementor-widget-wrap\">\n\t\t\t\t\t\t\t\t\t<\/div>\n\t\t<\/div>\n\t\t\t\t\t\t\t<\/div>\n\t\t<\/section>\n\t\t\t\t<section class=\"elementor-section elementor-top-section elementor-element elementor-element-15c2137 elementor-section-boxed elementor-section-height-default elementor-section-height-default\" data-id=\"15c2137\" data-element_type=\"section\">\n\t\t\t\t\t\t<div class=\"elementor-container elementor-column-gap-default\">\n\t\t\t\t\t<div class=\"elementor-column elementor-col-50 elementor-top-column elementor-element elementor-element-f67cf50\" data-id=\"f67cf50\" data-element_type=\"column\">\n\t\t\t<div class=\"elementor-widget-wrap elementor-element-populated\">\n\t\t\t\t\t\t\t\t<div class=\"elementor-element elementor-element-1848fa9 elementor-widget elementor-widget-image\" data-id=\"1848fa9\" data-element_type=\"widget\" data-widget_type=\"image.default\">\n\t\t\t\t<div class=\"elementor-widget-container\">\n\t\t\t<style>\/*! elementor - v3.7.5 - 14-09-2022 *\/\n.elementor-widget-image{text-align:center}.elementor-widget-image a{display:inline-block}.elementor-widget-image a img[src$=\".svg\"]{width:48px}.elementor-widget-image img{vertical-align:middle;display:inline-block}<\/style>\t\t\t\t\t\t\t\t\t\t\t\t<img width=\"1024\" height=\"683\" src=\"https:\/\/ffcgardcyclisme.fr\/wp-content\/uploads\/2021\/12\/shutterstock_701391598-3-1024x683.jpg\" class=\"attachment-large size-large\" alt=\"\" loading=\"lazy\" srcset=\"https:\/\/ffcgardcyclisme.fr\/wp-content\/uploads\/2021\/12\/shutterstock_701391598-3-1024x683.jpg 1024w, https:\/\/ffcgardcyclisme.fr\/wp-content\/uploads\/2021\/12\/shutterstock_701391598-3-300x200.jpg 300w, https:\/\/ffcgardcyclisme.fr\/wp-content\/uploads\/2021\/12\/shutterstock_701391598-3-768x512.jpg 768w, https:\/\/ffcgardcyclisme.fr\/wp-content\/uploads\/2021\/12\/shutterstock_701391598-3-1536x1024.jpg 1536w, https:\/\/ffcgardcyclisme.fr\/wp-content\/uploads\/2021\/12\/shutterstock_701391598-3-2048x1365.jpg 2048w, https:\/\/ffcgardcyclisme.fr\/wp-content\/uploads\/2021\/12\/shutterstock_701391598-3-600x400.jpg 600w\" sizes=\"(max-width: 1024px) 100vw, 1024px\" \/>\t\t\t\t\t\t\t\t\t\t\t\t\t\t\t<\/div>\n\t\t\t\t<\/div>\n\t\t\t\t\t<\/div>\n\t\t<\/div>\n\t\t\t\t<div class=\"elementor-column elementor-col-50 elementor-top-column elementor-element elementor-element-9b49eaf\" data-id=\"9b49eaf\" data-element_type=\"column\">\n\t\t\t<div class=\"elementor-widget-wrap elementor-element-populated\">\n\t\t\t\t\t\t\t\t<div class=\"elementor-element elementor-element-d893e3e elementor-widget elementor-widget-text-editor\" data-id=\"d893e3e\" data-element_type=\"widget\" data-widget_type=\"text-editor.default\">\n\t\t\t\t<div class=\"elementor-widget-container\">\n\t\t\t<style>\/*! elementor - v3.7.5 - 14-09-2022 *\/\n.elementor-widget-text-editor.elementor-drop-cap-view-stacked .elementor-drop-cap{background-color:#818a91;color:#fff}.elementor-widget-text-editor.elementor-drop-cap-view-framed .elementor-drop-cap{color:#818a91;border:3px solid;background-color:transparent}.elementor-widget-text-editor:not(.elementor-drop-cap-view-default) .elementor-drop-cap{margin-top:8px}.elementor-widget-text-editor:not(.elementor-drop-cap-view-default) .elementor-drop-cap-letter{width:1em;height:1em}.elementor-widget-text-editor .elementor-drop-cap{float:left;text-align:center;line-height:1;font-size:50px}.elementor-widget-text-editor .elementor-drop-cap-letter{display:inline-block}<\/style>\t\t\t\t<p>Vous trouverez ci-dessous les comptes rendus des r\u00e9unions :\u00a0<\/p><p><a href=\"https:\/\/ffcgardcyclisme.fr\/wp-content\/uploads\/2021\/12\/PV-re\u0301union-18-06-2021-2.pdf\">PV re\u0301union 18\/06\/2021<\/a><\/p><p><a href=\"https:\/\/ffcgardcyclisme.fr\/wp-content\/uploads\/2021\/12\/PV-re\u0301union-09-10-2020-.pdf\">PV re\u0301union 09\/10\/2020<\/a><\/p><p><a href=\"https:\/\/ffcgardcyclisme.fr\/wp-content\/uploads\/2021\/12\/PV-re\u0301union-06-03-2020.pdf\">PV re\u0301union 06\/03\/2020<\/a><\/p><p><a href=\"https:\/\/ffcgardcyclisme.fr\/wp-content\/uploads\/2021\/12\/PV-re\u0301union-19-09-19.docx.pdf\">PV re\u0301union 19\/09\/19.docx<\/a><\/p><p><a href=\"https:\/\/ffcgardcyclisme.fr\/wp-content\/uploads\/2021\/12\/PV-re\u0301union-17-01-19.pdf\">PV re\u0301union 17\/01\/19<\/a><\/p><p><a href=\"https:\/\/ffcgardcyclisme.fr\/wp-content\/uploads\/2021\/12\/PV-re\u0301union-21-09-18.pdf\">PV re\u0301union 21\/09\/18<\/a><\/p><p><a href=\"https:\/\/ffcgardcyclisme.fr\/wp-content\/uploads\/2021\/12\/PV-re\u0301union-18-01-18.pdf\">PV re\u0301union 18\/01\/18<\/a><\/p><p><a href=\"https:\/\/ffcgardcyclisme.fr\/wp-content\/uploads\/2021\/12\/pv-re\u0301union-cd30-07-09-17.pdf\">PV re\u0301union cd30 07\/09\/17<\/a><\/p><p><a href=\"https:\/\/ffcgardcyclisme.fr\/wp-content\/uploads\/2021\/12\/pv-re\u0301union-cd30-07-02-17.pdf\">PV re\u0301union cd30 07\/02\/17<\/a><\/p>\t\t\t\t\t\t<\/div>\n\t\t\t\t<\/div>\n\t\t\t\t\t<\/div>\n\t\t<\/div>\n\t\t\t\t\t\t\t<\/div>\n\t\t<\/section>\n\t\t\t\t<section class=\"elementor-section elementor-top-section elementor-element elementor-element-e72f82b elementor-section-boxed elementor-section-height-default elementor-section-height-default\" data-id=\"e72f82b\" data-element_type=\"section\">\n\t\t\t\t\t\t<div class=\"elementor-container elementor-column-gap-default\">\n\t\t\t\t\t<div class=\"elementor-column elementor-col-100 elementor-top-column elementor-element elementor-element-7fa6244\" data-id=\"7fa6244\" data-element_type=\"column\">\n\t\t\t<div class=\"elementor-widget-wrap elementor-element-populated\">\n\t\t\t\t\t\t\t\t<div class=\"elementor-element elementor-element-926df37 elementor-widget elementor-widget-heading\" data-id=\"926df37\" data-element_type=\"widget\" data-widget_type=\"heading.default\">\n\t\t\t\t<div class=\"elementor-widget-container\">\n\t\t\t<h2 class=\"elementor-heading-title elementor-size-default\">Compte rendu Assembl\u00e9es G\u00e9n\u00e9rales<\/h2>\t\t<\/div>\n\t\t\t\t<\/div>\n\t\t\t\t\t<\/div>\n\t\t<\/div>\n\t\t\t\t\t\t\t<\/div>\n\t\t<\/section>\n\t\t\t\t<section class=\"elementor-section elementor-top-section elementor-element elementor-element-fd7eb4b elementor-section-boxed elementor-section-height-default elementor-section-height-default\" data-id=\"fd7eb4b\" data-element_type=\"section\">\n\t\t\t\t\t\t<div class=\"elementor-container elementor-column-gap-default\">\n\t\t\t\t\t<div class=\"elementor-column elementor-col-50 elementor-top-column elementor-element elementor-element-b70ee24\" data-id=\"b70ee24\" data-element_type=\"column\">\n\t\t\t<div class=\"elementor-widget-wrap elementor-element-populated\">\n\t\t\t\t\t\t\t\t<div class=\"elementor-element elementor-element-e9a623b elementor-widget elementor-widget-text-editor\" data-id=\"e9a623b\" data-element_type=\"widget\" data-widget_type=\"text-editor.default\">\n\t\t\t\t<div class=\"elementor-widget-container\">\n\t\t\t\t\t\t\t<p>Vous trouverez ci-dessous les comptes rendus des assembl\u00e9es g\u00e9n\u00e9rales :\u00a0<\/p><div><a href=\"https:\/\/ffcgardcyclisme.fr\/wp-content\/uploads\/2021\/12\/Compte-Rendu-AG-2020-1.pdf\">Compte Rendu AG 2020<\/a><\/div><div><a href=\"https:\/\/ffcgardcyclisme.fr\/wp-content\/uploads\/2021\/12\/compte-rendu-AG-2019-1.pdf\">Compte Rendu AG 2019<\/a><\/div><div><a href=\"https:\/\/ffcgardcyclisme.fr\/wp-content\/uploads\/2021\/12\/compte-rendu-AG-2018-2.pdf\">Compte Rendu AG 2018<\/a><\/div><div><a href=\"https:\/\/ffcgardcyclisme.fr\/wp-content\/uploads\/2021\/12\/compte-rendu-AG-2017-1.pdf\">Compte Rendu AG 2017<\/a><\/div><div>\u00a0<\/div>\t\t\t\t\t\t<\/div>\n\t\t\t\t<\/div>\n\t\t\t\t\t<\/div>\n\t\t<\/div>\n\t\t\t\t<div class=\"elementor-column elementor-col-50 elementor-top-column elementor-element elementor-element-97d48fb\" data-id=\"97d48fb\" data-element_type=\"column\">\n\t\t\t<div class=\"elementor-widget-wrap elementor-element-populated\">\n\t\t\t\t\t\t\t\t<div class=\"elementor-element elementor-element-a059190 elementor-widget elementor-widget-image\" data-id=\"a059190\" data-element_type=\"widget\" data-widget_type=\"image.default\">\n\t\t\t\t<div class=\"elementor-widget-container\">\n\t\t\t\t\t\t\t\t\t\t\t\t\t\t\t<img width=\"1024\" height=\"684\" src=\"https:\/\/ffcgardcyclisme.fr\/wp-content\/uploads\/2021\/12\/shutterstock_1803250378-1-1024x684.jpg\" class=\"attachment-large size-large\" alt=\"\" loading=\"lazy\" srcset=\"https:\/\/ffcgardcyclisme.fr\/wp-content\/uploads\/2021\/12\/shutterstock_1803250378-1-1024x684.jpg 1024w, https:\/\/ffcgardcyclisme.fr\/wp-content\/uploads\/2021\/12\/shutterstock_1803250378-1-300x200.jpg 300w, https:\/\/ffcgardcyclisme.fr\/wp-content\/uploads\/2021\/12\/shutterstock_1803250378-1-768x513.jpg 768w, https:\/\/ffcgardcyclisme.fr\/wp-content\/uploads\/2021\/12\/shutterstock_1803250378-1-1536x1025.jpg 1536w, https:\/\/ffcgardcyclisme.fr\/wp-content\/uploads\/2021\/12\/shutterstock_1803250378-1-2048x1367.jpg 2048w, https:\/\/ffcgardcyclisme.fr\/wp-content\/uploads\/2021\/12\/shutterstock_1803250378-1-600x401.jpg 600w\" sizes=\"(max-width: 1024px) 100vw, 1024px\" \/>\t\t\t\t\t\t\t\t\t\t\t\t\t\t\t<\/div>\n\t\t\t\t<\/div>\n\t\t\t\t\t<\/div>\n\t\t<\/div>\n\t\t\t\t\t\t\t<\/div>\n\t\t<\/section>\n\t\t\t\t<section class=\"elementor-section elementor-top-section elementor-element elementor-element-e7c9de7 elementor-section-boxed elementor-section-height-default elementor-section-height-default\" data-id=\"e7c9de7\" data-element_type=\"section\">\n\t\t\t\t\t\t<div class=\"elementor-container elementor-column-gap-default\">\n\t\t\t\t\t<div class=\"elementor-column elementor-col-100 elementor-top-column elementor-element elementor-element-4db4225\" data-id=\"4db4225\" data-element_type=\"column\">\n\t\t\t<div class=\"elementor-widget-wrap elementor-element-populated\">\n\t\t\t\t\t\t\t\t<div class=\"elementor-element elementor-element-7d333ca elementor-widget elementor-widget-heading\" data-id=\"7d333ca\" data-element_type=\"widget\" data-widget_type=\"heading.default\">\n\t\t\t\t<div class=\"elementor-widget-container\">\n\t\t\t<h2 class=\"elementor-heading-title elementor-size-default\">Compte rendu d'activit\u00e9s<\/h2>\t\t<\/div>\n\t\t\t\t<\/div>\n\t\t\t\t\t<\/div>\n\t\t<\/div>\n\t\t\t\t\t\t\t<\/div>\n\t\t<\/section>\n\t\t\t\t<section class=\"elementor-section elementor-top-section elementor-element elementor-element-7149ce7 elementor-section-boxed elementor-section-height-default elementor-section-height-default\" data-id=\"7149ce7\" data-element_type=\"section\">\n\t\t\t\t\t\t<div class=\"elementor-container elementor-column-gap-default\">\n\t\t\t\t\t<div class=\"elementor-column elementor-col-50 elementor-top-column elementor-element elementor-element-0b27cf2\" data-id=\"0b27cf2\" data-element_type=\"column\">\n\t\t\t<div class=\"elementor-widget-wrap elementor-element-populated\">\n\t\t\t\t\t\t\t\t<div class=\"elementor-element elementor-element-535f197 elementor-widget elementor-widget-image\" data-id=\"535f197\" data-element_type=\"widget\" data-widget_type=\"image.default\">\n\t\t\t\t<div class=\"elementor-widget-container\">\n\t\t\t\t\t\t\t\t\t\t\t\t\t\t\t<img width=\"1024\" height=\"684\" src=\"https:\/\/ffcgardcyclisme.fr\/wp-content\/uploads\/2021\/12\/shutterstock_727430965-1-1024x684.jpg\" class=\"attachment-large size-large\" alt=\"\" loading=\"lazy\" srcset=\"https:\/\/ffcgardcyclisme.fr\/wp-content\/uploads\/2021\/12\/shutterstock_727430965-1-1024x684.jpg 1024w, https:\/\/ffcgardcyclisme.fr\/wp-content\/uploads\/2021\/12\/shutterstock_727430965-1-300x200.jpg 300w, https:\/\/ffcgardcyclisme.fr\/wp-content\/uploads\/2021\/12\/shutterstock_727430965-1-768x513.jpg 768w, https:\/\/ffcgardcyclisme.fr\/wp-content\/uploads\/2021\/12\/shutterstock_727430965-1-1536x1025.jpg 1536w, https:\/\/ffcgardcyclisme.fr\/wp-content\/uploads\/2021\/12\/shutterstock_727430965-1-2048x1367.jpg 2048w, https:\/\/ffcgardcyclisme.fr\/wp-content\/uploads\/2021\/12\/shutterstock_727430965-1-600x401.jpg 600w\" sizes=\"(max-width: 1024px) 100vw, 1024px\" \/>\t\t\t\t\t\t\t\t\t\t\t\t\t\t\t<\/div>\n\t\t\t\t<\/div>\n\t\t\t\t\t<\/div>\n\t\t<\/div>\n\t\t\t\t<div class=\"elementor-column elementor-col-50 elementor-top-column elementor-element elementor-element-98aca3c\" data-id=\"98aca3c\" data-element_type=\"column\">\n\t\t\t<div class=\"elementor-widget-wrap elementor-element-populated\">\n\t\t\t\t\t\t\t\t<div class=\"elementor-element elementor-element-78237d1 elementor-widget elementor-widget-text-editor\" data-id=\"78237d1\" data-element_type=\"widget\" data-widget_type=\"text-editor.default\">\n\t\t\t\t<div class=\"elementor-widget-container\">\n\t\t\t\t\t\t\t<p>Vous trouverez ci-dessous les comptes rendus des assembl\u00e9es g\u00e9n\u00e9rales :\u00a0<\/p><p><a href=\"https:\/\/ffcgardcyclisme.fr\/wp-content\/uploads\/2021\/12\/Rapport-dactivite\u0301-2020.pdf\">Rapport d&rsquo;activite\u0301 2020<\/a><\/p><p><a href=\"https:\/\/ffcgardcyclisme.fr\/wp-content\/uploads\/2021\/12\/Compte-rendu-dactivite\u0301-et-sportif-2017.pdf\">Compte rendu d&rsquo;activite\u0301 et sportif 2017<\/a><\/p><div>\u00a0<\/div>\t\t\t\t\t\t<\/div>\n\t\t\t\t<\/div>\n\t\t\t\t\t<\/div>\n\t\t<\/div>\n\t\t\t\t\t\t\t<\/div>\n\t\t<\/section>\n\t\t\t\t\t\t\t<\/div>\n\t\t","protected":false},"excerpt":{"rendered":"<p>Compte rendu des r\u00e9unions Vous trouverez ci-dessous les comptes rendus des r\u00e9unions :\u00a0 PV re\u0301union 18\/06\/2021 PV re\u0301union 09\/10\/2020 PV re\u0301union 06\/03\/2020 PV re\u0301union 19\/09\/19.docx PV re\u0301union 17\/01\/19 PV re\u0301union 21\/09\/18 PV re\u0301union 18\/01\/18 PV re\u0301union cd30 07\/09\/17 PV re\u0301union cd30 07\/02\/17 Compte rendu Assembl\u00e9es G\u00e9n\u00e9rales Vous trouverez ci-dessous les comptes rendus des assembl\u00e9es g\u00e9n\u00e9rales [&hellip;]<\/p>\n","protected":false},"author":2,"featured_media":0,"parent":0,"menu_order":0,"comment_status":"closed","ping_status":"closed","template":"","meta":{"_mi_skip_tracking":false},"aioseo_notices":[],"_links":{"self":[{"href":"https:\/\/ffcgardcyclisme.fr\/index.php?rest_route=\/wp\/v2\/pages\/409"}],"collection":[{"href":"https:\/\/ffcgardcyclisme.fr\/index.php?rest_route=\/wp\/v2\/pages"}],"about":[{"href":"https:\/\/ffcgardcyclisme.fr\/index.php?rest_route=\/wp\/v2\/types\/page"}],"author":[{"embeddable":true,"href":"https:\/\/ffcgardcyclisme.fr\/index.php?rest_route=\/wp\/v2\/users\/2"}],"replies":[{"embeddable":true,"href":"https:\/\/ffcgardcyclisme.fr\/index.php?rest_route=%2Fwp%2Fv2%2Fcomments&post=409"}],"version-history":[{"count":8,"href":"https:\/\/ffcgardcyclisme.fr\/index.php?rest_route=\/wp\/v2\/pages\/409\/revisions"}],"predecessor-version":[{"id":925,"href":"https:\/\/ffcgardcyclisme.fr\/index.php?rest_route=\/wp\/v2\/pages\/409\/revisions\/925"}],"wp:attachment":[{"href":"https:\/\/ffcgardcyclisme.fr\/index.php?rest_route=%2Fwp%2Fv2%2Fmedia&parent=409"}],"curies":[{"name":"wp","href":"https:\/\/api.w.org\/{rel}","templated":true}]}}